{"id":1952,"date":"2018-03-08T08:56:55","date_gmt":"2018-03-08T07:56:55","guid":{"rendered":"https:\/\/www.veneziasitiweb.it\/magazzino\/cosmeticservice\/production\/logistica\/"},"modified":"2018-05-23T11:29:39","modified_gmt":"2018-05-23T09:29:39","slug":"logistique","status":"publish","type":"page","link":"https:\/\/www.cosmeticservice.it\/fr\/production\/logistique\/","title":{"rendered":"Logistique"},"content":{"rendered":"<p>[vc_row][vc_column][vc_empty_space height=\u00a0\u00bb50px\u00a0\u00bb][\/vc_column][\/vc_row][vc_row equal_height=\u00a0\u00bbyes\u00a0\u00bb][vc_column width=\u00a0\u00bb1\/6&Prime;][\/vc_column][vc_column width=\u00a0\u00bb2\/3&Prime;]<div  class=\"sc_intro\"><div class=\"sc_intro_inner  sc_intro_style_3\"><div class=\"sc_intro_content\"><h2 class=\"sc_intro_title\">Logistique<\/h2><div class=\"sc_intro_descr\">Du concept \u00e0 la production<\/div><\/div><\/div><\/div>[vc_empty_space height=\u00a0\u00bb50px\u00a0\u00bb][\/vc_column][vc_column width=\u00a0\u00bb1\/6&Prime;][\/vc_column][\/vc_row][vc_row equal_height=\u00a0\u00bbyes\u00a0\u00bb][vc_column width=\u00a0\u00bb1\/6&Prime;][\/vc_column][vc_column width=\u00a0\u00bb2\/3&Prime;][vc_column_text]<\/p>\n<div id=\"pgc-47-0-0\" class=\"panel-grid-cell\">\n<div id=\"panel-47-0-0-0\" class=\"so-panel widget widget_text panel-first-child panel-last-child\" data-index=\"0\">\n<div class=\"textwidget\">\n<div id=\"pgc-544-0-0\" class=\"panel-grid-cell\">\n<div id=\"panel-544-0-0-0\" class=\"so-panel widget widget_text panel-first-child panel-last-child\" data-index=\"0\">\n<div class=\"textwidget\">\n<p style=\"text-align: center;\">Le passage rapide de l&rsquo;id\u00e9e \u00e0 la pr\u00e9paration du produit puis \u00e0 son conditionnement et \u00e0 la livraison est assur\u00e9 par la gestion optimale du service <strong>logistique<\/strong>.<\/p>\n<p style=\"text-align: center;\">Un stock de <strong>1000 m2<\/strong> \u00e0 rotation \u00e9lev\u00e9e nous permet d&rsquo;ex\u00e9cuter les commandes rapidement, aussi bien pour les grandes que pour les petites quantit\u00e9s.<\/p>\n<p style=\"text-align: center;\">D\u00e8s la prise en charge d&rsquo;un projet, nous sommes en condition de pouvoir choisir parmi d&rsquo;innombrables solutions de conditionnement.<\/p>\n<p style=\"text-align: center;\">Le stock peut accueillir jusqu&rsquo;\u00e0 <strong>5 millions<\/strong> de flacons en verre et <strong>7 millions<\/strong> de bouchons, <strong>1 million<\/strong> de flacons en plastique, <strong>200 000 tubes<\/strong> en pehd, <strong>200 000 bo\u00eetes<\/strong> et \u00e9tuis de plusieurs dimensions, <strong>7 millions<\/strong> d&rsquo;\u00e9tiquettes neutres ou personnalis\u00e9es de formats divers, <strong>15 tonnes<\/strong> de mati\u00e8res premi\u00e8res pour produire les vernis et <strong>5 tonnes<\/strong> de mati\u00e8res premi\u00e8res pour les dissolvants.<\/p>\n<\/div>\n<\/div>\n<\/div>\n<\/div>\n<\/div>\n<\/div>\n<p>[\/vc_column_text][\/vc_column][vc_column width=\u00a0\u00bb1\/6&Prime;][\/vc_column][\/vc_row][vc_row][vc_column][vc_empty_space height=\u00a0\u00bb100px\u00a0\u00bb][\/vc_column][\/vc_row][vc_row][vc_column][vc_raw_html]JTNDc2NyaXB0JTIwdHlwZSUzRCUyMnRleHQlMkZqYXZhc2NyaXB0JTIyJTNFJTIwdmFyJTIwX2l1YiUyMCUzRCUyMF9pdWIlMjAlN0MlN0MlMjAlNUIlNUQlM0IlMjBfaXViLmNzQ29uZmlndXJhdGlvbiUyMCUzRCUyMCU3QiUyMmxhbmclMjIlM0ElMjJmciUyMiUyQyUyMnNpdGVJZCUyMiUzQTExMzEyMjclMkMlMjJjb25zZW50T25TY3JvbGwlMjIlM0FmYWxzZSUyQyUyMnByaW9yQ29uc2VudCUyMiUzQWZhbHNlJTJDJTIyY29uc2VudE9uQnV0dG9uJTIyJTNBZmFsc2UlMkMlMjJjb29raWVQb2xpY3lJZCUyMiUzQTMzOTg1MDI2JTdEJTNCJTIwJTNDJTJGc2NyaXB0JTNFJTNDc2NyaXB0JTIwdHlwZSUzRCUyMnRleHQlMkZqYXZhc2NyaXB0JTIyJTIwc3JjJTNEJTIyJTJGJTJGY2RuLml1YmVuZGEuY29tJTJGY29va2llX3NvbHV0aW9uJTJGc2FmZW1vZGUlMkZpdWJlbmRhX2NzLmpzJTIyJTIwY2hhcnNldCUzRCUyMlVURi04JTIyJTIwYXN5bmMlM0UlM0MlMkZzY3JpcHQlM0UlMjA=[\/vc_raw_html][\/vc_column][\/vc_row]<\/p>\n","protected":false},"excerpt":{"rendered":"<p>[vc_row][vc_column][vc_empty_space height=\u00a0\u00bb50px\u00a0\u00bb][\/vc_column][\/vc_row][vc_row equal_height=\u00a0\u00bbyes\u00a0\u00bb][vc_column width=\u00a0\u00bb1\/6&Prime;][\/vc_column][vc_column width=\u00a0\u00bb2\/3&Prime;][vc_empty_space height=\u00a0\u00bb50px\u00a0\u00bb][\/vc_column][vc_column width=\u00a0\u00bb1\/6&Prime;][\/vc_column][\/vc_row][vc_row equal_height=\u00a0\u00bbyes\u00a0\u00bb][vc_column width=\u00a0\u00bb1\/6&Prime;][\/vc_column][vc_column width=\u00a0\u00bb2\/3&Prime;][vc_column_text] Le passage rapide de l&rsquo;id\u00e9e \u00e0 la pr\u00e9paration du produit puis \u00e0 son conditionnement et \u00e0 la livraison est assur\u00e9 par la gestion optimale du service logistique. Un stock de 1000 m2 \u00e0 rotation \u00e9lev\u00e9e nous permet d&rsquo;ex\u00e9cuter les commandes rapidement, aussi bien pour les [&hellip;]<\/p>\n","protected":false},"author":1,"featured_media":0,"parent":1949,"menu_order":0,"comment_status":"closed","ping_status":"closed","template":"","meta":{"footnotes":"","_joinchat":[]},"_links":{"self":[{"href":"https:\/\/www.cosmeticservice.it\/fr\/wp-json\/wp\/v2\/pages\/1952"}],"collection":[{"href":"https:\/\/www.cosmeticservice.it\/fr\/wp-json\/wp\/v2\/pages"}],"about":[{"href":"https:\/\/www.cosmeticservice.it\/fr\/wp-json\/wp\/v2\/types\/page"}],"author":[{"embeddable":true,"href":"https:\/\/www.cosmeticservice.it\/fr\/wp-json\/wp\/v2\/users\/1"}],"replies":[{"embeddable":true,"href":"https:\/\/www.cosmeticservice.it\/fr\/wp-json\/wp\/v2\/comments?post=1952"}],"version-history":[{"count":3,"href":"https:\/\/www.cosmeticservice.it\/fr\/wp-json\/wp\/v2\/pages\/1952\/revisions"}],"predecessor-version":[{"id":2454,"href":"https:\/\/www.cosmeticservice.it\/fr\/wp-json\/wp\/v2\/pages\/1952\/revisions\/2454"}],"up":[{"embeddable":true,"href":"https:\/\/www.cosmeticservice.it\/fr\/wp-json\/wp\/v2\/pages\/1949"}],"wp:attachment":[{"href":"https:\/\/www.cosmeticservice.it\/fr\/wp-json\/wp\/v2\/media?parent=1952"}],"curies":[{"name":"wp","href":"https:\/\/api.w.org\/{rel}","templated":true}]}}