{"id":1955,"date":"2018-03-08T09:01:29","date_gmt":"2018-03-08T08:01:29","guid":{"rendered":"https:\/\/www.veneziasitiweb.it\/magazzino\/cosmeticservice\/production\/packaging-stampa\/"},"modified":"2021-09-24T09:22:32","modified_gmt":"2021-09-24T07:22:32","slug":"conditionnement-impression","status":"publish","type":"page","link":"https:\/\/www.cosmeticservice.it\/fr\/production\/conditionnement-impression\/","title":{"rendered":"Conditionnement &#038; impression"},"content":{"rendered":"<p>[vc_row][vc_column][vc_empty_space height=\u00a0\u00bb50px\u00a0\u00bb][\/vc_column][\/vc_row][vc_row equal_height=\u00a0\u00bbyes\u00a0\u00bb][vc_column width=\u00a0\u00bb1\/6&Prime;][\/vc_column][vc_column width=\u00a0\u00bb2\/3&Prime;]<div  class=\"sc_intro\"><div class=\"sc_intro_inner  sc_intro_style_3\"><div class=\"sc_intro_content\"><h2 class=\"sc_intro_title\">Conditionnement & impression<\/h2><div class=\"sc_intro_descr\">\u00c9tude et design graphique<\/div><\/div><\/div><\/div>[vc_empty_space height=\u00a0\u00bb50px\u00a0\u00bb][\/vc_column][vc_column width=\u00a0\u00bb1\/6&Prime;][\/vc_column][\/vc_row][vc_row][vc_column][vc_images_carousel images=\u00a0\u00bb3517,3511,3571&Prime; img_size=\u00a0\u00bbfull\u00a0\u00bb speed=\u00a0\u00bb4000&Prime; slides_per_view=\u00a0\u00bb3&Prime; hide_pagination_control=\u00a0\u00bbyes\u00a0\u00bb hide_prev_next_buttons=\u00a0\u00bbyes\u00a0\u00bb wrap=\u00a0\u00bbyes\u00a0\u00bb][vc_empty_space height=\u00a0\u00bb50px\u00a0\u00bb][\/vc_column][\/vc_row][vc_row equal_height=\u00a0\u00bbyes\u00a0\u00bb][vc_column width=\u00a0\u00bb1\/6&Prime;][\/vc_column][vc_column width=\u00a0\u00bb2\/3&Prime;][vc_column_text]<\/p>\n<div id=\"pgc-56-0-0\" class=\"panel-grid-cell\">\n<div id=\"panel-56-0-0-0\" class=\"so-panel widget widget_text panel-first-child panel-last-child\" data-index=\"0\">\n<div class=\"textwidget\">\n<p style=\"text-align: center;\">Pour r\u00e9pondre pleinement \u00e0 l&rsquo;id\u00e9e de <strong>service global<\/strong>, nous avons pr\u00e9vu un d\u00e9partement consacr\u00e9 au conditionnement et \u00e0 l&rsquo;impression. Ceci nous permet de proposer \u00e0 notre client\u00e8le un projet graphique mais aussi le conditionnement, l&rsquo;\u00e9tiquetage et l&rsquo;impression, y compris pour les projets sp\u00e9ciaux qu&rsquo;il est impossible d&rsquo;ins\u00e9rer en phase de remplissage.<\/p>\n<p style=\"text-align: center;\">Nous disposons de :<\/p>\n<p style=\"text-align: center;\">machines de tampographie dont une fortement automatis\u00e9e<br \/>\nligne de s\u00e9rigraphie<br \/>\nmachines pour l&rsquo;impression \u00e0 chaud<br \/>\nligne de conditionnement<br \/>\nmachines de conditionnement sous blister<\/p>\n<p>&nbsp;<\/p>\n<\/div>\n<\/div>\n<\/div>\n<p style=\"text-align: center;\"><iframe loading=\"lazy\" title=\"YouTube video player\" src=\"https:\/\/www.youtube.com\/embed\/iYBg9wK7K7Y\" width=\"760\" height=\"415\" frameborder=\"0\" allowfullscreen=\"allowfullscreen\"><\/iframe><\/p>\n<p>[\/vc_column_text][\/vc_column][vc_column width=\u00a0\u00bb1\/6&Prime;][\/vc_column][\/vc_row][vc_row][vc_column][vc_empty_space height=\u00a0\u00bb100px\u00a0\u00bb][\/vc_column][\/vc_row][vc_row][vc_column][vc_raw_html]JTNDc2NyaXB0JTIwdHlwZSUzRCUyMnRleHQlMkZqYXZhc2NyaXB0JTIyJTNFJTIwdmFyJTIwX2l1YiUyMCUzRCUyMF9pdWIlMjAlN0MlN0MlMjAlNUIlNUQlM0IlMjBfaXViLmNzQ29uZmlndXJhdGlvbiUyMCUzRCUyMCU3QiUyMmxhbmclMjIlM0ElMjJmciUyMiUyQyUyMnNpdGVJZCUyMiUzQTExMzEyMjclMkMlMjJjb25zZW50T25TY3JvbGwlMjIlM0FmYWxzZSUyQyUyMnByaW9yQ29uc2VudCUyMiUzQWZhbHNlJTJDJTIyY29uc2VudE9uQnV0dG9uJTIyJTNBZmFsc2UlMkMlMjJjb29raWVQb2xpY3lJZCUyMiUzQTMzOTg1MDI2JTdEJTNCJTIwJTNDJTJGc2NyaXB0JTNFJTNDc2NyaXB0JTIwdHlwZSUzRCUyMnRleHQlMkZqYXZhc2NyaXB0JTIyJTIwc3JjJTNEJTIyJTJGJTJGY2RuLml1YmVuZGEuY29tJTJGY29va2llX3NvbHV0aW9uJTJGc2FmZW1vZGUlMkZpdWJlbmRhX2NzLmpzJTIyJTIwY2hhcnNldCUzRCUyMlVURi04JTIyJTIwYXN5bmMlM0UlM0MlMkZzY3JpcHQlM0UlMjA=[\/vc_raw_html][\/vc_column][\/vc_row]<\/p>\n","protected":false},"excerpt":{"rendered":"<p>[vc_row][vc_column][vc_empty_space height=\u00a0\u00bb50px\u00a0\u00bb][\/vc_column][\/vc_row][vc_row equal_height=\u00a0\u00bbyes\u00a0\u00bb][vc_column width=\u00a0\u00bb1\/6&Prime;][\/vc_column][vc_column width=\u00a0\u00bb2\/3&Prime;][vc_empty_space height=\u00a0\u00bb50px\u00a0\u00bb][\/vc_column][vc_column width=\u00a0\u00bb1\/6&Prime;][\/vc_column][\/vc_row][vc_row][vc_column][vc_images_carousel images=\u00a0\u00bb3517,3511,3571&Prime; img_size=\u00a0\u00bbfull\u00a0\u00bb speed=\u00a0\u00bb4000&Prime; slides_per_view=\u00a0\u00bb3&Prime; hide_pagination_control=\u00a0\u00bbyes\u00a0\u00bb hide_prev_next_buttons=\u00a0\u00bbyes\u00a0\u00bb wrap=\u00a0\u00bbyes\u00a0\u00bb][vc_empty_space height=\u00a0\u00bb50px\u00a0\u00bb][\/vc_column][\/vc_row][vc_row equal_height=\u00a0\u00bbyes\u00a0\u00bb][vc_column width=\u00a0\u00bb1\/6&Prime;][\/vc_column][vc_column width=\u00a0\u00bb2\/3&Prime;][vc_column_text] Pour r\u00e9pondre pleinement \u00e0 l&rsquo;id\u00e9e de service global, nous avons pr\u00e9vu un d\u00e9partement consacr\u00e9 au conditionnement et \u00e0 l&rsquo;impression. Ceci nous permet de proposer \u00e0 notre client\u00e8le un projet graphique mais aussi le conditionnement, l&rsquo;\u00e9tiquetage et l&rsquo;impression, [&hellip;]<\/p>\n","protected":false},"author":1,"featured_media":0,"parent":1949,"menu_order":0,"comment_status":"closed","ping_status":"closed","template":"","meta":{"footnotes":"","_joinchat":[]},"_links":{"self":[{"href":"https:\/\/www.cosmeticservice.it\/fr\/wp-json\/wp\/v2\/pages\/1955"}],"collection":[{"href":"https:\/\/www.cosmeticservice.it\/fr\/wp-json\/wp\/v2\/pages"}],"about":[{"href":"https:\/\/www.cosmeticservice.it\/fr\/wp-json\/wp\/v2\/types\/page"}],"author":[{"embeddable":true,"href":"https:\/\/www.cosmeticservice.it\/fr\/wp-json\/wp\/v2\/users\/1"}],"replies":[{"embeddable":true,"href":"https:\/\/www.cosmeticservice.it\/fr\/wp-json\/wp\/v2\/comments?post=1955"}],"version-history":[{"count":7,"href":"https:\/\/www.cosmeticservice.it\/fr\/wp-json\/wp\/v2\/pages\/1955\/revisions"}],"predecessor-version":[{"id":3593,"href":"https:\/\/www.cosmeticservice.it\/fr\/wp-json\/wp\/v2\/pages\/1955\/revisions\/3593"}],"up":[{"embeddable":true,"href":"https:\/\/www.cosmeticservice.it\/fr\/wp-json\/wp\/v2\/pages\/1949"}],"wp:attachment":[{"href":"https:\/\/www.cosmeticservice.it\/fr\/wp-json\/wp\/v2\/media?parent=1955"}],"curies":[{"name":"wp","href":"https:\/\/api.w.org\/{rel}","templated":true}]}}