{"id":1959,"date":"2018-03-08T08:58:13","date_gmt":"2018-03-08T07:58:13","guid":{"rendered":"https:\/\/www.veneziasitiweb.it\/magazzino\/cosmeticservice\/production\/produzione-bulk\/"},"modified":"2018-05-23T11:29:47","modified_gmt":"2018-05-23T09:29:47","slug":"production-bulk","status":"publish","type":"page","link":"https:\/\/www.cosmeticservice.it\/fr\/production\/production-bulk\/","title":{"rendered":"Production Bulk"},"content":{"rendered":"<p>[vc_row][vc_column][vc_empty_space height=\u00a0\u00bb50px\u00a0\u00bb][\/vc_column][\/vc_row][vc_row equal_height=\u00a0\u00bbyes\u00a0\u00bb][vc_column width=\u00a0\u00bb1\/6&Prime;][\/vc_column][vc_column width=\u00a0\u00bb2\/3&Prime;]<div  class=\"sc_intro\"><div class=\"sc_intro_inner  sc_intro_style_3\"><div class=\"sc_intro_content\"><h2 class=\"sc_intro_title\">Gros volumes de production (bulk)<\/h2><div class=\"sc_intro_descr\">Le coeur du processus de production<\/div><\/div><\/div><\/div>[vc_empty_space height=\u00a0\u00bb50px\u00a0\u00bb][\/vc_column][vc_column width=\u00a0\u00bb1\/6&Prime;][\/vc_column][\/vc_row][vc_row][vc_column][vc_images_carousel images=\u00a0\u00bb1045,1169,2061&Prime; img_size=\u00a0\u00bbfull\u00a0\u00bb speed=\u00a0\u00bb4000&Prime; slides_per_view=\u00a0\u00bb3&Prime; hide_pagination_control=\u00a0\u00bbyes\u00a0\u00bb wrap=\u00a0\u00bbyes\u00a0\u00bb][vc_empty_space height=\u00a0\u00bb50px\u00a0\u00bb][\/vc_column][\/vc_row][vc_row equal_height=\u00a0\u00bbyes\u00a0\u00bb][vc_column width=\u00a0\u00bb1\/6&Prime;][\/vc_column][vc_column width=\u00a0\u00bb2\/3&Prime;][vc_column_text]<\/p>\n<p style=\"text-align: center;\">Notre syst\u00e8me de <strong>production<\/strong> se concentre sur cette tendance : passer de l&rsquo;\u00e9chantillon s\u00e9lectionn\u00e9 en laboratoire aux gros volumes.<br \/>\nDeux sp\u00e9cialistes utilisent des solutions technologiques de pointe afin de pouvoir reproduire fid\u00e8lement, mais en grande quantit\u00e9, le produit approuv\u00e9 par le client.<br \/>\nPour cela, nous disposons de malaxeurs pouvant aller de <strong>100<\/strong> \u00e0 <strong>3000 kg<\/strong>, de d\u00e9versoirs et de viscosim\u00e8tres.<\/p>\n<p>&nbsp;<\/p>\n<p style=\"text-align: center;\"><iframe loading=\"lazy\" src=\"https:\/\/www.youtube.com\/embed\/judKhDTpzEY?showinfo=0\" width=\"800\" height=\"450\" frameborder=\"0\" allowfullscreen=\"allowfullscreen\"><span data-mce-type=\"bookmark\" style=\"display: inline-block; width: 0px; overflow: hidden; line-height: 0;\" class=\"mce_SELRES_start\">\ufeff<\/span><\/iframe><\/p>\n<p>[\/vc_column_text][\/vc_column][vc_column width=\u00a0\u00bb1\/6&Prime;][\/vc_column][\/vc_row][vc_row][vc_column][vc_empty_space height=\u00a0\u00bb100px\u00a0\u00bb][\/vc_column][\/vc_row][vc_row][vc_column][vc_raw_html]JTNDc2NyaXB0JTIwdHlwZSUzRCUyMnRleHQlMkZqYXZhc2NyaXB0JTIyJTNFJTIwdmFyJTIwX2l1YiUyMCUzRCUyMF9pdWIlMjAlN0MlN0MlMjAlNUIlNUQlM0IlMjBfaXViLmNzQ29uZmlndXJhdGlvbiUyMCUzRCUyMCU3QiUyMmxhbmclMjIlM0ElMjJmciUyMiUyQyUyMnNpdGVJZCUyMiUzQTExMzEyMjclMkMlMjJjb25zZW50T25TY3JvbGwlMjIlM0FmYWxzZSUyQyUyMnByaW9yQ29uc2VudCUyMiUzQWZhbHNlJTJDJTIyY29uc2VudE9uQnV0dG9uJTIyJTNBZmFsc2UlMkMlMjJjb29raWVQb2xpY3lJZCUyMiUzQTMzOTg1MDI2JTdEJTNCJTIwJTNDJTJGc2NyaXB0JTNFJTNDc2NyaXB0JTIwdHlwZSUzRCUyMnRleHQlMkZqYXZhc2NyaXB0JTIyJTIwc3JjJTNEJTIyJTJGJTJGY2RuLml1YmVuZGEuY29tJTJGY29va2llX3NvbHV0aW9uJTJGc2FmZW1vZGUlMkZpdWJlbmRhX2NzLmpzJTIyJTIwY2hhcnNldCUzRCUyMlVURi04JTIyJTIwYXN5bmMlM0UlM0MlMkZzY3JpcHQlM0UlMjA=[\/vc_raw_html][\/vc_column][\/vc_row]<\/p>\n","protected":false},"excerpt":{"rendered":"<p>[vc_row][vc_column][vc_empty_space height=\u00a0\u00bb50px\u00a0\u00bb][\/vc_column][\/vc_row][vc_row equal_height=\u00a0\u00bbyes\u00a0\u00bb][vc_column width=\u00a0\u00bb1\/6&Prime;][\/vc_column][vc_column width=\u00a0\u00bb2\/3&Prime;][vc_empty_space height=\u00a0\u00bb50px\u00a0\u00bb][\/vc_column][vc_column width=\u00a0\u00bb1\/6&Prime;][\/vc_column][\/vc_row][vc_row][vc_column][vc_images_carousel images=\u00a0\u00bb1045,1169,2061&Prime; img_size=\u00a0\u00bbfull\u00a0\u00bb speed=\u00a0\u00bb4000&Prime; slides_per_view=\u00a0\u00bb3&Prime; hide_pagination_control=\u00a0\u00bbyes\u00a0\u00bb wrap=\u00a0\u00bbyes\u00a0\u00bb][vc_empty_space height=\u00a0\u00bb50px\u00a0\u00bb][\/vc_column][\/vc_row][vc_row equal_height=\u00a0\u00bbyes\u00a0\u00bb][vc_column width=\u00a0\u00bb1\/6&Prime;][\/vc_column][vc_column width=\u00a0\u00bb2\/3&Prime;][vc_column_text] Notre syst\u00e8me de production se concentre sur cette tendance : passer de l&rsquo;\u00e9chantillon s\u00e9lectionn\u00e9 en laboratoire aux gros volumes. Deux sp\u00e9cialistes utilisent des solutions technologiques de pointe afin de pouvoir reproduire fid\u00e8lement, mais en grande quantit\u00e9, le produit [&hellip;]<\/p>\n","protected":false},"author":1,"featured_media":0,"parent":1949,"menu_order":0,"comment_status":"closed","ping_status":"closed","template":"","meta":{"footnotes":"","_joinchat":[]},"_links":{"self":[{"href":"https:\/\/www.cosmeticservice.it\/fr\/wp-json\/wp\/v2\/pages\/1959"}],"collection":[{"href":"https:\/\/www.cosmeticservice.it\/fr\/wp-json\/wp\/v2\/pages"}],"about":[{"href":"https:\/\/www.cosmeticservice.it\/fr\/wp-json\/wp\/v2\/types\/page"}],"author":[{"embeddable":true,"href":"https:\/\/www.cosmeticservice.it\/fr\/wp-json\/wp\/v2\/users\/1"}],"replies":[{"embeddable":true,"href":"https:\/\/www.cosmeticservice.it\/fr\/wp-json\/wp\/v2\/comments?post=1959"}],"version-history":[{"count":4,"href":"https:\/\/www.cosmeticservice.it\/fr\/wp-json\/wp\/v2\/pages\/1959\/revisions"}],"predecessor-version":[{"id":2455,"href":"https:\/\/www.cosmeticservice.it\/fr\/wp-json\/wp\/v2\/pages\/1959\/revisions\/2455"}],"up":[{"embeddable":true,"href":"https:\/\/www.cosmeticservice.it\/fr\/wp-json\/wp\/v2\/pages\/1949"}],"wp:attachment":[{"href":"https:\/\/www.cosmeticservice.it\/fr\/wp-json\/wp\/v2\/media?parent=1959"}],"curies":[{"name":"wp","href":"https:\/\/api.w.org\/{rel}","templated":true}]}}