{"id":1967,"date":"2018-03-09T10:41:27","date_gmt":"2018-03-09T09:41:27","guid":{"rendered":"https:\/\/www.veneziasitiweb.it\/magazzino\/cosmeticservice\/lenterprise\/affari-regolatori\/"},"modified":"2018-05-23T11:27:58","modified_gmt":"2018-05-23T09:27:58","slug":"affaires-reglementaires","status":"publish","type":"page","link":"https:\/\/www.cosmeticservice.it\/fr\/lenterprise\/affaires-reglementaires\/","title":{"rendered":"Affaires r\u00e9glementaires"},"content":{"rendered":"<p>[vc_row][vc_column][vc_empty_space height=\u00a0\u00bb50px\u00a0\u00bb][\/vc_column][\/vc_row][vc_row equal_height=\u00a0\u00bbyes\u00a0\u00bb][vc_column width=\u00a0\u00bb1\/6&Prime;][\/vc_column][vc_column width=\u00a0\u00bb2\/3&Prime;]<div  class=\"sc_intro\"><div class=\"sc_intro_inner  sc_intro_style_3\"><div class=\"sc_intro_content\"><h2 class=\"sc_intro_title\">Affaires r\u00e9glementaires<\/h2><div class=\"sc_intro_descr\">Conformit\u00e9 et s\u00e9curit\u00e9<\/div><\/div><\/div><\/div>[vc_empty_space height=\u00a0\u00bb50px\u00a0\u00bb][\/vc_column][vc_column width=\u00a0\u00bb1\/6&Prime;][\/vc_column][\/vc_row][vc_row equal_height=\u00a0\u00bbyes\u00a0\u00bb][vc_column width=\u00a0\u00bb1\/6&Prime;][\/vc_column][vc_column width=\u00a0\u00bb2\/3&Prime;][vc_column_text]<\/p>\n<p style=\"text-align: center;\">Ce d\u00e9partement joue un r\u00f4le fondamental au sein de <strong>Cosmetic Service<\/strong>. Il est charg\u00e9 de pr\u00e9parer toute la documentation n\u00e9cessaire pour obtenir les <strong>autorisations<\/strong> \u00e0 produire et \u00e0 commercialiser les produits, conform\u00e9ment aux indications minist\u00e9rielles et aux lois en vigueur. Il doit \u00e9galement veiller aux <strong>analyses chimiques<\/strong> et aux tests sur les produits finis tout en suivant l&rsquo;\u00e9volution des proc\u00e9dures op\u00e9rationnelles.<\/p>\n<p style=\"text-align: center;\">Le service des <strong>Affaires r\u00e9glementaires<\/strong> supporte et encourage l&rsquo;activit\u00e9 de recherche et d\u00e9veloppement, l&rsquo;assurance qualit\u00e9 et la commercialisation \u00e0 travers le monde. Un service qui a su pr\u00e9parer avec succ\u00e8s, en collaboration avec un client am\u00e9ricain, la documentation particuli\u00e8rement complexe qu&rsquo;exigeait la <strong>FDA<\/strong> (Food and Drugs Administration) nous permettant d&rsquo;exporter vers les \u00c9tats-Unis.<\/p>\n<p>[\/vc_column_text][\/vc_column][vc_column width=\u00a0\u00bb1\/6&Prime;][\/vc_column][\/vc_row][vc_row][vc_column][vc_empty_space height=\u00a0\u00bb50px\u00a0\u00bb][vc_single_image image=\u00a0\u00bb1109&Prime; img_size=\u00a0\u00bbfull\u00a0\u00bb alignment=\u00a0\u00bbcenter\u00a0\u00bb][\/vc_column][\/vc_row][vc_row][vc_column][vc_empty_space height=\u00a0\u00bb100px\u00a0\u00bb][\/vc_column][\/vc_row][vc_row][vc_column][vc_raw_html]JTNDc2NyaXB0JTIwdHlwZSUzRCUyMnRleHQlMkZqYXZhc2NyaXB0JTIyJTNFJTIwdmFyJTIwX2l1YiUyMCUzRCUyMF9pdWIlMjAlN0MlN0MlMjAlNUIlNUQlM0IlMjBfaXViLmNzQ29uZmlndXJhdGlvbiUyMCUzRCUyMCU3QiUyMmxhbmclMjIlM0ElMjJmciUyMiUyQyUyMnNpdGVJZCUyMiUzQTExMzEyMjclMkMlMjJjb25zZW50T25TY3JvbGwlMjIlM0FmYWxzZSUyQyUyMnByaW9yQ29uc2VudCUyMiUzQWZhbHNlJTJDJTIyY29uc2VudE9uQnV0dG9uJTIyJTNBZmFsc2UlMkMlMjJjb29raWVQb2xpY3lJZCUyMiUzQTMzOTg1MDI2JTdEJTNCJTIwJTNDJTJGc2NyaXB0JTNFJTNDc2NyaXB0JTIwdHlwZSUzRCUyMnRleHQlMkZqYXZhc2NyaXB0JTIyJTIwc3JjJTNEJTIyJTJGJTJGY2RuLml1YmVuZGEuY29tJTJGY29va2llX3NvbHV0aW9uJTJGc2FmZW1vZGUlMkZpdWJlbmRhX2NzLmpzJTIyJTIwY2hhcnNldCUzRCUyMlVURi04JTIyJTIwYXN5bmMlM0UlM0MlMkZzY3JpcHQlM0UlMjA=[\/vc_raw_html][\/vc_column][\/vc_row]<\/p>\n","protected":false},"excerpt":{"rendered":"<p>[vc_row][vc_column][vc_empty_space height=\u00a0\u00bb50px\u00a0\u00bb][\/vc_column][\/vc_row][vc_row equal_height=\u00a0\u00bbyes\u00a0\u00bb][vc_column width=\u00a0\u00bb1\/6&Prime;][\/vc_column][vc_column width=\u00a0\u00bb2\/3&Prime;][vc_empty_space height=\u00a0\u00bb50px\u00a0\u00bb][\/vc_column][vc_column width=\u00a0\u00bb1\/6&Prime;][\/vc_column][\/vc_row][vc_row equal_height=\u00a0\u00bbyes\u00a0\u00bb][vc_column width=\u00a0\u00bb1\/6&Prime;][\/vc_column][vc_column width=\u00a0\u00bb2\/3&Prime;][vc_column_text] Ce d\u00e9partement joue un r\u00f4le fondamental au sein de Cosmetic Service. Il est charg\u00e9 de pr\u00e9parer toute la documentation n\u00e9cessaire pour obtenir les autorisations \u00e0 produire et \u00e0 commercialiser les produits, conform\u00e9ment aux indications minist\u00e9rielles et aux lois en vigueur. Il doit \u00e9galement veiller aux [&hellip;]<\/p>\n","protected":false},"author":1,"featured_media":0,"parent":1940,"menu_order":0,"comment_status":"closed","ping_status":"closed","template":"","meta":{"footnotes":"","_joinchat":[]},"_links":{"self":[{"href":"https:\/\/www.cosmeticservice.it\/fr\/wp-json\/wp\/v2\/pages\/1967"}],"collection":[{"href":"https:\/\/www.cosmeticservice.it\/fr\/wp-json\/wp\/v2\/pages"}],"about":[{"href":"https:\/\/www.cosmeticservice.it\/fr\/wp-json\/wp\/v2\/types\/page"}],"author":[{"embeddable":true,"href":"https:\/\/www.cosmeticservice.it\/fr\/wp-json\/wp\/v2\/users\/1"}],"replies":[{"embeddable":true,"href":"https:\/\/www.cosmeticservice.it\/fr\/wp-json\/wp\/v2\/comments?post=1967"}],"version-history":[{"count":3,"href":"https:\/\/www.cosmeticservice.it\/fr\/wp-json\/wp\/v2\/pages\/1967\/revisions"}],"predecessor-version":[{"id":2445,"href":"https:\/\/www.cosmeticservice.it\/fr\/wp-json\/wp\/v2\/pages\/1967\/revisions\/2445"}],"up":[{"embeddable":true,"href":"https:\/\/www.cosmeticservice.it\/fr\/wp-json\/wp\/v2\/pages\/1940"}],"wp:attachment":[{"href":"https:\/\/www.cosmeticservice.it\/fr\/wp-json\/wp\/v2\/media?parent=1967"}],"curies":[{"name":"wp","href":"https:\/\/api.w.org\/{rel}","templated":true}]}}