{"id":1979,"date":"2018-03-07T11:54:17","date_gmt":"2018-03-07T10:54:17","guid":{"rendered":"https:\/\/www.veneziasitiweb.it\/magazzino\/cosmeticservice\/produits\/levasmalto\/"},"modified":"2018-05-23T11:30:32","modified_gmt":"2018-05-23T09:30:32","slug":"dissolvant","status":"publish","type":"page","link":"https:\/\/www.cosmeticservice.it\/fr\/produits\/dissolvant\/","title":{"rendered":"Dissolvant"},"content":{"rendered":"<p>[vc_row][vc_column][vc_empty_space height=\u00a0\u00bb50px\u00a0\u00bb][\/vc_column][\/vc_row][vc_row][vc_column width=\u00a0\u00bb1\/6&Prime;][\/vc_column][vc_column width=\u00a0\u00bb2\/3&Prime;]<div  class=\"sc_intro\"><div class=\"sc_intro_inner  sc_intro_style_3\"><div class=\"sc_intro_content\"><h2 class=\"sc_intro_title\">Toujours \u00e0 la recherche de<br \/>\nSOLUTIONS AVANC\u00c9ES<\/h2><div class=\"sc_intro_descr\">Fonctionnalit\u00e9 et efficacit\u00e9<\/div><\/div><\/div><\/div>[vc_empty_space height=\u00a0\u00bb50px\u00a0\u00bb][\/vc_column][vc_column width=\u00a0\u00bb1\/6&Prime;][\/vc_column][\/vc_row][vc_row equal_height=\u00a0\u00bbyes\u00a0\u00bb][vc_column width=\u00a0\u00bb1\/6&Prime;][\/vc_column][vc_column width=\u00a0\u00bb2\/3&Prime;][vc_column_text]<\/p>\n<p style=\"text-align: center;\">Les produits que nous proposons ne sont pas de simples dissolvants mais ils renferment toute la recherche qui nous permet d&rsquo;assurer qualit\u00e9 et efficacit\u00e9.<\/p>\n<h4 style=\"text-align: center; font-family: Old Standard TT; color: #1f1f1f;\">Pour chaque besoin d&rsquo;une solution.<\/h4>\n<p style=\"text-align: center;\">Des additifs et des parfums naturels, des solutions d&#8217;emballage innovantes, un marketing impactant viennent mettre en valeur un produit classique pour les ongles qui se d\u00e9cline d\u00e9sormais en plusieurs combinaisons : avec ou sans ac\u00e9tone, liquide, en gel, par immersion ou en patchs.<br \/>\nNous avons choisi de r\u00e9pondre \u00e0 tous les d\u00e9fis.<\/p>\n<p>[\/vc_column_text][\/vc_column][vc_column width=\u00a0\u00bb1\/6&Prime;][\/vc_column][\/vc_row][vc_row full_width=\u00a0\u00bbstretch_row_content_no_spaces\u00a0\u00bb inverse=\u00a0\u00bb\u00a0\u00bb][vc_column][vc_empty_space height=\u00a0\u00bb100px\u00a0\u00bb][\/vc_column][\/vc_row][vc_row][vc_column][vc_raw_html]JTNDc2NyaXB0JTIwdHlwZSUzRCUyMnRleHQlMkZqYXZhc2NyaXB0JTIyJTNFJTIwdmFyJTIwX2l1YiUyMCUzRCUyMF9pdWIlMjAlN0MlN0MlMjAlNUIlNUQlM0IlMjBfaXViLmNzQ29uZmlndXJhdGlvbiUyMCUzRCUyMCU3QiUyMmxhbmclMjIlM0ElMjJmciUyMiUyQyUyMnNpdGVJZCUyMiUzQTExMzEyMjclMkMlMjJjb25zZW50T25TY3JvbGwlMjIlM0FmYWxzZSUyQyUyMnByaW9yQ29uc2VudCUyMiUzQWZhbHNlJTJDJTIyY29uc2VudE9uQnV0dG9uJTIyJTNBZmFsc2UlMkMlMjJjb29raWVQb2xpY3lJZCUyMiUzQTMzOTg1MDI2JTdEJTNCJTIwJTNDJTJGc2NyaXB0JTNFJTNDc2NyaXB0JTIwdHlwZSUzRCUyMnRleHQlMkZqYXZhc2NyaXB0JTIyJTIwc3JjJTNEJTIyJTJGJTJGY2RuLml1YmVuZGEuY29tJTJGY29va2llX3NvbHV0aW9uJTJGc2FmZW1vZGUlMkZpdWJlbmRhX2NzLmpzJTIyJTIwY2hhcnNldCUzRCUyMlVURi04JTIyJTIwYXN5bmMlM0UlM0MlMkZzY3JpcHQlM0UlMjA=[\/vc_raw_html][\/vc_column][\/vc_row]<\/p>\n","protected":false},"excerpt":{"rendered":"<p>[vc_row][vc_column][vc_empty_space height=\u00a0\u00bb50px\u00a0\u00bb][\/vc_column][\/vc_row][vc_row][vc_column width=\u00a0\u00bb1\/6&Prime;][\/vc_column][vc_column width=\u00a0\u00bb2\/3&Prime;][vc_empty_space height=\u00a0\u00bb50px\u00a0\u00bb][\/vc_column][vc_column width=\u00a0\u00bb1\/6&Prime;][\/vc_column][\/vc_row][vc_row equal_height=\u00a0\u00bbyes\u00a0\u00bb][vc_column width=\u00a0\u00bb1\/6&Prime;][\/vc_column][vc_column width=\u00a0\u00bb2\/3&Prime;][vc_column_text] Les produits que nous proposons ne sont pas de simples dissolvants mais ils renferment toute la recherche qui nous permet d&rsquo;assurer qualit\u00e9 et efficacit\u00e9. Pour chaque besoin d&rsquo;une solution. Des additifs et des parfums naturels, des solutions d&#8217;emballage innovantes, un marketing impactant viennent mettre en valeur [&hellip;]<\/p>\n","protected":false},"author":1,"featured_media":1591,"parent":1973,"menu_order":0,"comment_status":"closed","ping_status":"closed","template":"","meta":{"footnotes":"","_joinchat":[]},"_links":{"self":[{"href":"https:\/\/www.cosmeticservice.it\/fr\/wp-json\/wp\/v2\/pages\/1979"}],"collection":[{"href":"https:\/\/www.cosmeticservice.it\/fr\/wp-json\/wp\/v2\/pages"}],"about":[{"href":"https:\/\/www.cosmeticservice.it\/fr\/wp-json\/wp\/v2\/types\/page"}],"author":[{"embeddable":true,"href":"https:\/\/www.cosmeticservice.it\/fr\/wp-json\/wp\/v2\/users\/1"}],"replies":[{"embeddable":true,"href":"https:\/\/www.cosmeticservice.it\/fr\/wp-json\/wp\/v2\/comments?post=1979"}],"version-history":[{"count":4,"href":"https:\/\/www.cosmeticservice.it\/fr\/wp-json\/wp\/v2\/pages\/1979\/revisions"}],"predecessor-version":[{"id":2457,"href":"https:\/\/www.cosmeticservice.it\/fr\/wp-json\/wp\/v2\/pages\/1979\/revisions\/2457"}],"up":[{"embeddable":true,"href":"https:\/\/www.cosmeticservice.it\/fr\/wp-json\/wp\/v2\/pages\/1973"}],"wp:featuredmedia":[{"embeddable":true,"href":"https:\/\/www.cosmeticservice.it\/fr\/wp-json\/wp\/v2\/media\/1591"}],"wp:attachment":[{"href":"https:\/\/www.cosmeticservice.it\/fr\/wp-json\/wp\/v2\/media?parent=1979"}],"curies":[{"name":"wp","href":"https:\/\/api.w.org\/{rel}","templated":true}]}}