{"id":1982,"date":"2018-03-07T12:02:37","date_gmt":"2018-03-07T11:02:37","guid":{"rendered":"https:\/\/www.veneziasitiweb.it\/magazzino\/cosmeticservice\/produits\/make-up\/"},"modified":"2021-06-28T18:38:37","modified_gmt":"2021-06-28T16:38:37","slug":"maquillage-2","status":"publish","type":"page","link":"https:\/\/www.cosmeticservice.it\/fr\/produits\/maquillage-2\/","title":{"rendered":"Maquillage"},"content":{"rendered":"<p>[vc_row][vc_column][vc_empty_space height=\u00a0\u00bb50px\u00a0\u00bb][\/vc_column][\/vc_row][vc_row][vc_column width=\u00a0\u00bb1\/6&Prime;][\/vc_column][vc_column width=\u00a0\u00bb2\/3&Prime;]<div  class=\"sc_intro\"><div class=\"sc_intro_inner  sc_intro_style_3\"><div class=\"sc_intro_content\"><h2 class=\"sc_intro_title\">AU SERVICE DES MEILLEURES MARQUES<\/h2><div class=\"sc_intro_descr\">Flexibilit\u00e9 et personnalisation \u00e0 360\u00b0<\/div><\/div><\/div><\/div>[vc_empty_space height=\u00a0\u00bb50px\u00a0\u00bb][\/vc_column][vc_column width=\u00a0\u00bb1\/6&Prime;][\/vc_column][\/vc_row][vc_row][vc_column][vc_images_carousel images=\u00a0\u00bb3479,3482,3476&Prime; img_size=\u00a0\u00bbfull\u00a0\u00bb speed=\u00a0\u00bb4000&Prime; slides_per_view=\u00a0\u00bb3&Prime; autoplay=\u00a0\u00bbyes\u00a0\u00bb hide_pagination_control=\u00a0\u00bbyes\u00a0\u00bb wrap=\u00a0\u00bbyes\u00a0\u00bb][vc_empty_space height=\u00a0\u00bb50px\u00a0\u00bb][\/vc_column][\/vc_row][vc_row equal_height=\u00a0\u00bbyes\u00a0\u00bb][vc_column width=\u00a0\u00bb1\/6&Prime;][\/vc_column][vc_column width=\u00a0\u00bb2\/3&Prime;][vc_column_text]<\/p>\n<p style=\"text-align: center;\">Nous r\u00e9alisons des lignes de maquillage compl\u00e8tes, selon notre philosophie full &#8211; service.<br \/>\nDes formules aux valeurs de haute qualit\u00e9 et innovation sont support\u00e9es une offre toujours plus innovante, riche et personnalis\u00e9e, pour servir au mieux nos clients.<\/p>\n<h4 style=\"text-align: center; font-family: Old Standard TT; color: #1f1f1f;\">Des produits innovants tr\u00e8s tendance\u00a0:<br \/>\nDES PRODUITS POUR LES YEUX, pour mettre en valeur le regard<br \/>\nDES PRODUITS POUR LES L\u00c8VRES, pour accentuer la sensualit\u00e9<br \/>\nDES PRODUITS POUR LE VISAGE, pour mettre en valeur et perfectionner le visage<\/h4>\n<p style=\"text-align: center;\">Le d\u00e9sir de grandir et d\u2019acqu\u00e9rir de nouvelles comp\u00e9tences a rendu possible la r\u00e9cente acquisition de nouveaux<br \/>\nespaces et machines d\u00e9di\u00e9es \u00e0 la production et au conditionnement et nous a permis d\u2019\u00eatre encore plus autonomes, efficaces et comp\u00e9titifs.<\/p>\n<p>[\/vc_column_text][vc_empty_space height=\u00a0\u00bb100px\u00a0\u00bb][\/vc_column][vc_column width=\u00a0\u00bb1\/6&Prime;][\/vc_column][\/vc_row][vc_row][vc_column][vc_raw_html]JTNDc2NyaXB0JTIwdHlwZSUzRCUyMnRleHQlMkZqYXZhc2NyaXB0JTIyJTNFJTIwdmFyJTIwX2l1YiUyMCUzRCUyMF9pdWIlMjAlN0MlN0MlMjAlNUIlNUQlM0IlMjBfaXViLmNzQ29uZmlndXJhdGlvbiUyMCUzRCUyMCU3QiUyMmxhbmclMjIlM0ElMjJmciUyMiUyQyUyMnNpdGVJZCUyMiUzQTExMzEyMjclMkMlMjJjb25zZW50T25TY3JvbGwlMjIlM0FmYWxzZSUyQyUyMnByaW9yQ29uc2VudCUyMiUzQWZhbHNlJTJDJTIyY29uc2VudE9uQnV0dG9uJTIyJTNBZmFsc2UlMkMlMjJjb29raWVQb2xpY3lJZCUyMiUzQTMzOTg1MDI2JTdEJTNCJTIwJTNDJTJGc2NyaXB0JTNFJTNDc2NyaXB0JTIwdHlwZSUzRCUyMnRleHQlMkZqYXZhc2NyaXB0JTIyJTIwc3JjJTNEJTIyJTJGJTJGY2RuLml1YmVuZGEuY29tJTJGY29va2llX3NvbHV0aW9uJTJGc2FmZW1vZGUlMkZpdWJlbmRhX2NzLmpzJTIyJTIwY2hhcnNldCUzRCUyMlVURi04JTIyJTIwYXN5bmMlM0UlM0MlMkZzY3JpcHQlM0UlMjA=[\/vc_raw_html][\/vc_column][\/vc_row]<\/p>\n","protected":false},"excerpt":{"rendered":"<p>[vc_row][vc_column][vc_empty_space height=\u00a0\u00bb50px\u00a0\u00bb][\/vc_column][\/vc_row][vc_row][vc_column width=\u00a0\u00bb1\/6&Prime;][\/vc_column][vc_column width=\u00a0\u00bb2\/3&Prime;][vc_empty_space height=\u00a0\u00bb50px\u00a0\u00bb][\/vc_column][vc_column width=\u00a0\u00bb1\/6&Prime;][\/vc_column][\/vc_row][vc_row][vc_column][vc_images_carousel images=\u00a0\u00bb3479,3482,3476&Prime; img_size=\u00a0\u00bbfull\u00a0\u00bb speed=\u00a0\u00bb4000&Prime; slides_per_view=\u00a0\u00bb3&Prime; autoplay=\u00a0\u00bbyes\u00a0\u00bb hide_pagination_control=\u00a0\u00bbyes\u00a0\u00bb wrap=\u00a0\u00bbyes\u00a0\u00bb][vc_empty_space height=\u00a0\u00bb50px\u00a0\u00bb][\/vc_column][\/vc_row][vc_row equal_height=\u00a0\u00bbyes\u00a0\u00bb][vc_column width=\u00a0\u00bb1\/6&Prime;][\/vc_column][vc_column width=\u00a0\u00bb2\/3&Prime;][vc_column_text] Nous r\u00e9alisons des lignes de maquillage compl\u00e8tes, selon notre philosophie full &#8211; service. Des formules aux valeurs de haute qualit\u00e9 et innovation sont support\u00e9es une offre toujours plus innovante, riche et personnalis\u00e9e, pour servir au mieux nos clients. [&hellip;]<\/p>\n","protected":false},"author":1,"featured_media":1533,"parent":1973,"menu_order":0,"comment_status":"closed","ping_status":"closed","template":"","meta":{"footnotes":"","_joinchat":[]},"_links":{"self":[{"href":"https:\/\/www.cosmeticservice.it\/fr\/wp-json\/wp\/v2\/pages\/1982"}],"collection":[{"href":"https:\/\/www.cosmeticservice.it\/fr\/wp-json\/wp\/v2\/pages"}],"about":[{"href":"https:\/\/www.cosmeticservice.it\/fr\/wp-json\/wp\/v2\/types\/page"}],"author":[{"embeddable":true,"href":"https:\/\/www.cosmeticservice.it\/fr\/wp-json\/wp\/v2\/users\/1"}],"replies":[{"embeddable":true,"href":"https:\/\/www.cosmeticservice.it\/fr\/wp-json\/wp\/v2\/comments?post=1982"}],"version-history":[{"count":5,"href":"https:\/\/www.cosmeticservice.it\/fr\/wp-json\/wp\/v2\/pages\/1982\/revisions"}],"predecessor-version":[{"id":3485,"href":"https:\/\/www.cosmeticservice.it\/fr\/wp-json\/wp\/v2\/pages\/1982\/revisions\/3485"}],"up":[{"embeddable":true,"href":"https:\/\/www.cosmeticservice.it\/fr\/wp-json\/wp\/v2\/pages\/1973"}],"wp:featuredmedia":[{"embeddable":true,"href":"https:\/\/www.cosmeticservice.it\/fr\/wp-json\/wp\/v2\/media\/1533"}],"wp:attachment":[{"href":"https:\/\/www.cosmeticservice.it\/fr\/wp-json\/wp\/v2\/media?parent=1982"}],"curies":[{"name":"wp","href":"https:\/\/api.w.org\/{rel}","templated":true}]}}