{"id":1985,"date":"2018-03-08T09:04:21","date_gmt":"2018-03-08T08:04:21","guid":{"rendered":"https:\/\/www.veneziasitiweb.it\/magazzino\/cosmeticservice\/full-service\/"},"modified":"2020-04-16T10:46:34","modified_gmt":"2020-04-16T08:46:34","slug":"full-service","status":"publish","type":"page","link":"https:\/\/www.cosmeticservice.it\/fr\/full-service\/","title":{"rendered":"Full Service"},"content":{"rendered":"<p>[vc_row][vc_column][vc_empty_space height=\u00a0\u00bb50px\u00a0\u00bb][\/vc_column][\/vc_row][vc_row equal_height=\u00a0\u00bbyes\u00a0\u00bb][vc_column width=\u00a0\u00bb1\/6&Prime;][\/vc_column][vc_column width=\u00a0\u00bb2\/3&Prime;]<div  class=\"sc_intro\"><div class=\"sc_intro_inner  sc_intro_style_3\"><div class=\"sc_intro_content\"><h2 class=\"sc_intro_title\">Production<br \/>\nFull Service<\/h2><div class=\"sc_intro_descr\">Notre philosophie<\/div><\/div><\/div><\/div>[vc_empty_space height=\u00a0\u00bb25px\u00a0\u00bb][\/vc_column][vc_column width=\u00a0\u00bb1\/6&Prime;][\/vc_column][\/vc_row][vc_row equal_height=\u00a0\u00bbyes\u00a0\u00bb][vc_column width=\u00a0\u00bb1\/6&Prime;][\/vc_column][vc_column width=\u00a0\u00bb2\/3&Prime;][vc_column_text]<\/p>\n<h5 style=\"text-align: center;\">RECHERCHE &amp; D\u00c9VELOPPEMENT, PRODUCTION, CONCEPTION GRAPHISME ET EMBALLAGE, IMPRESSION.<\/h5>\n<p style=\"text-align: center;\">Nous offrons \u00e0 nos partenaires tout ce dont ils ont besoin pour transformer une id\u00e9e en un produit ou d\u00e9velopper un projet. Il ne s\u2019agit pas d\u2019un slogan mais d\u2019un choix m\u00fbri sur le champ et devenu r\u00e9alit\u00e9 gr\u00e2ce \u00e0 la confrontation avec<br \/>\nnos clients, \u00e0 la comp\u00e9tence, aux syst\u00e8mes \u00e0 l\u2019avant-garde et \u00e0 l\u2019\u00e9tude de technologies avanc\u00e9es.<\/p>\n<h5 style=\"text-align: center;\">QU\u2019EST-CE QUE \u00c7A VEUT DIRE\u00a0?<\/h5>\n<p style=\"text-align: center;\">Chaque partie du processus, de la phase de recherche &amp; d\u00e9veloppement \u00e0 la production jusqu\u2019au conditionnement est g\u00e9r\u00e9e int\u00e9rieurement par les sp\u00e9cialistes du service cosm\u00e9tique (Cosmetic Service).<br \/>\nUne fili\u00e8re unique \u00e0 l\u2019int\u00e9rieur de laquelle chaque passage, chaque d\u00e9tail est contr\u00f4l\u00e9 et trac\u00e9.<br \/>\nLe choix de la texture, la cr\u00e9ation de la marque, la d\u00e9finition du type d\u2019emballage\u00a0: tout est garanti par la philosophie full service. Le produit est fourni avec la formule INCI (nomenclature internationale des ingr\u00e9dients cosm\u00e9tiques), la documentation n\u00e9cessaire aux fins de la notification au portail europ\u00e9en et le PIF (dossier d\u2019information produit) que nous conservons dans nos bureaux \u00e0 disposition des autorit\u00e9s comp\u00e9tentes.<\/p>\n<p>[\/vc_column_text][\/vc_column][vc_column width=\u00a0\u00bb1\/6&Prime;][\/vc_column][\/vc_row][vc_row][vc_column][vc_empty_space height=\u00a0\u00bb100px\u00a0\u00bb][\/vc_column][\/vc_row][vc_row][vc_column][vc_raw_html]JTNDc2NyaXB0JTIwdHlwZSUzRCUyMnRleHQlMkZqYXZhc2NyaXB0JTIyJTNFJTIwdmFyJTIwX2l1YiUyMCUzRCUyMF9pdWIlMjAlN0MlN0MlMjAlNUIlNUQlM0IlMjBfaXViLmNzQ29uZmlndXJhdGlvbiUyMCUzRCUyMCU3QiUyMmxhbmclMjIlM0ElMjJmciUyMiUyQyUyMnNpdGVJZCUyMiUzQTExMzEyMjclMkMlMjJjb25zZW50T25TY3JvbGwlMjIlM0FmYWxzZSUyQyUyMnByaW9yQ29uc2VudCUyMiUzQWZhbHNlJTJDJTIyY29uc2VudE9uQnV0dG9uJTIyJTNBZmFsc2UlMkMlMjJjb29raWVQb2xpY3lJZCUyMiUzQTMzOTg1MDI2JTdEJTNCJTIwJTNDJTJGc2NyaXB0JTNFJTNDc2NyaXB0JTIwdHlwZSUzRCUyMnRleHQlMkZqYXZhc2NyaXB0JTIyJTIwc3JjJTNEJTIyJTJGJTJGY2RuLml1YmVuZGEuY29tJTJGY29va2llX3NvbHV0aW9uJTJGc2FmZW1vZGUlMkZpdWJlbmRhX2NzLmpzJTIyJTIwY2hhcnNldCUzRCUyMlVURi04JTIyJTIwYXN5bmMlM0UlM0MlMkZzY3JpcHQlM0UlMjA=[\/vc_raw_html][\/vc_column][\/vc_row]<\/p>\n","protected":false},"excerpt":{"rendered":"<p>[vc_row][vc_column][vc_empty_space height=\u00a0\u00bb50px\u00a0\u00bb][\/vc_column][\/vc_row][vc_row equal_height=\u00a0\u00bbyes\u00a0\u00bb][vc_column width=\u00a0\u00bb1\/6&Prime;][\/vc_column][vc_column width=\u00a0\u00bb2\/3&Prime;][vc_empty_space height=\u00a0\u00bb25px\u00a0\u00bb][\/vc_column][vc_column width=\u00a0\u00bb1\/6&Prime;][\/vc_column][\/vc_row][vc_row equal_height=\u00a0\u00bbyes\u00a0\u00bb][vc_column width=\u00a0\u00bb1\/6&Prime;][\/vc_column][vc_column width=\u00a0\u00bb2\/3&Prime;][vc_column_text] RECHERCHE &amp; D\u00c9VELOPPEMENT, PRODUCTION, CONCEPTION GRAPHISME ET EMBALLAGE, IMPRESSION. Nous offrons \u00e0 nos partenaires tout ce dont ils ont besoin pour transformer une id\u00e9e en un produit ou d\u00e9velopper un projet. Il ne s\u2019agit pas d\u2019un slogan mais d\u2019un choix m\u00fbri sur le champ et [&hellip;]<\/p>\n","protected":false},"author":1,"featured_media":0,"parent":0,"menu_order":0,"comment_status":"closed","ping_status":"closed","template":"","meta":{"footnotes":"","_joinchat":[]},"_links":{"self":[{"href":"https:\/\/www.cosmeticservice.it\/fr\/wp-json\/wp\/v2\/pages\/1985"}],"collection":[{"href":"https:\/\/www.cosmeticservice.it\/fr\/wp-json\/wp\/v2\/pages"}],"about":[{"href":"https:\/\/www.cosmeticservice.it\/fr\/wp-json\/wp\/v2\/types\/page"}],"author":[{"embeddable":true,"href":"https:\/\/www.cosmeticservice.it\/fr\/wp-json\/wp\/v2\/users\/1"}],"replies":[{"embeddable":true,"href":"https:\/\/www.cosmeticservice.it\/fr\/wp-json\/wp\/v2\/comments?post=1985"}],"version-history":[{"count":6,"href":"https:\/\/www.cosmeticservice.it\/fr\/wp-json\/wp\/v2\/pages\/1985\/revisions"}],"predecessor-version":[{"id":3216,"href":"https:\/\/www.cosmeticservice.it\/fr\/wp-json\/wp\/v2\/pages\/1985\/revisions\/3216"}],"wp:attachment":[{"href":"https:\/\/www.cosmeticservice.it\/fr\/wp-json\/wp\/v2\/media?parent=1985"}],"curies":[{"name":"wp","href":"https:\/\/api.w.org\/{rel}","templated":true}]}}