{"id":3079,"date":"2019-11-07T10:42:06","date_gmt":"2019-11-07T09:42:06","guid":{"rendered":"https:\/\/www.cosmeticservice.it\/produits\/hair-care\/"},"modified":"2021-09-24T09:21:33","modified_gmt":"2021-09-24T07:21:33","slug":"hair-care","status":"publish","type":"page","link":"https:\/\/www.cosmeticservice.it\/fr\/produits\/hair-care\/","title":{"rendered":"Hair Care"},"content":{"rendered":"<p>[vc_row][vc_column][vc_empty_space height=\u00a0\u00bb50px\u00a0\u00bb][\/vc_column][\/vc_row][vc_row][vc_column width=\u00a0\u00bb1\/6&Prime;][\/vc_column][vc_column width=\u00a0\u00bb2\/3&Prime;]<div  class=\"sc_intro\"><div class=\"sc_intro_inner  sc_intro_style_3\"><div class=\"sc_intro_content\"><h2 class=\"sc_intro_title\">Produits de soins capillaires personnalis\u00e9s<\/h2><div class=\"sc_intro_descr\">Sp\u00e9cialis\u00e9e dans la production et la commercialisation de produits trichologiques personnalis\u00e9s pour des marques du monde entier<\/div><\/div><\/div><\/div>[vc_empty_space height=\u00a0\u00bb25px\u00a0\u00bb][\/vc_column][vc_column width=\u00a0\u00bb1\/6&Prime;][\/vc_column][\/vc_row][vc_row][vc_column][vc_images_carousel images=\u00a0\u00bb3467,3470,3464&Prime; img_size=\u00a0\u00bbfull\u00a0\u00bb speed=\u00a0\u00bb4000&Prime; slides_per_view=\u00a0\u00bb3&Prime; hide_pagination_control=\u00a0\u00bbyes\u00a0\u00bb hide_prev_next_buttons=\u00a0\u00bbyes\u00a0\u00bb wrap=\u00a0\u00bbyes\u00a0\u00bb][vc_empty_space height=\u00a0\u00bb50px\u00a0\u00bb][\/vc_column][\/vc_row][vc_row equal_height=\u00a0\u00bbyes\u00a0\u00bb][vc_column width=\u00a0\u00bb1\/6&Prime;][\/vc_column][vc_column width=\u00a0\u00bb2\/3&Prime;][vc_column_text]<\/p>\n<p style=\"text-align: center;\">Nous vous offrons une typologie diff\u00e9rente d\u2019intervention et collaboration<br \/>\n1. Production et livraison bulk de produit hair care.<br \/>\n2. Production de bulk et remplissage en diverses typologies de packaging fournies par le client<br \/>\n3. Service full-service: production d\u2019articles, remplissage et emballage en utilisant le packaging propos\u00e9 directement par Cosmetic Service SRL<\/p>\n<h4 style=\"text-align: center; font-family: Old Standard TT; color: #1f1f1f;\">Recherche et developpement<\/h4>\n<p style=\"text-align: center;\">Notre personnel de recherche et d\u00e9veloppement dispose \u00e0 la fois d\u2019exp\u00e9rience et de cr\u00e9ativit\u00e9 afin de garantir \u00e0 nos<br \/>\nclients des formules innovatrices, sures et de haute qualit\u00e9 en collaborant avec les entreprises de mati\u00e8res premi\u00e8res les plus r\u00e9put\u00e9es.<\/p>\n<h4 style=\"text-align: center; font-family: Old Standard TT; color: #1f1f1f;\">Personnalisations<\/h4>\n<p style=\"text-align: center;\">Nous pouvons fournir le produit Full Service complet avec des \u00e9tiquettes ou une s\u00e9rigraphie en une ou plusieurs couleurs sur l&#8217;emballage, chaque produit peut avoir sa propre bo\u00eete avec une impression personnalis\u00e9e.<br \/>\nSi n\u00e9cessaire, nous fournissons une assistance et une \u00e9tude graphique, en faisant appel \u00e0 des professionnels qui peuvent cr\u00e9er votre marque et r\u00e9aliser la conception graphique<br \/>\ncompl\u00e8te jusqu&rsquo;\u00e0 l&rsquo;impression.<br \/>\nL&rsquo;attention constante que nous portons au monde de l&rsquo;\u00e9co-durabilit\u00e9 nous a amen\u00e9s, au fil des ans, \u00e0 conseiller les mat\u00e9riaux \u00e0 nos clients de mani\u00e8re pr\u00e9cise.<\/p>\n<h4 style=\"text-align: center; font-family: Old Standard TT; color: #1f1f1f;\">Cosmetic Service SRL se distingue : nouveaux besoins et \u00e9volution continue<\/h4>\n<p style=\"text-align: center;\">&#8211; Shampooing : pour des cheveux sains, forts et brillants.<br \/>\n&#8211; Apr\u00e8s-shampooing : un produit restructurant pour hydrater et donner de l&rsquo;\u00e9lasticit\u00e9, de la douceur et une brillance instantan\u00e9e aux cheveux.<br \/>\n&#8211; Masque : un traitement intensif et restructurant exceptionnel pour les cheveux ab\u00eem\u00e9s et rebelles.<br \/>\n&#8211; S\u00e9rum : pour hydrater en profondeur les cheveux, pr\u00e9venir et combattre les frisottis.<\/p>\n<p style=\"text-align: center;\">Chaque produit peut \u00eatre modifi\u00e9 avec des actifs fonctionnels innovants et v\u00e9g\u00e9taux, ainsi qu&rsquo;avec des parfums sp\u00e9cifiques sur demande.<\/p>\n<p style=\"text-align: center;\"><iframe loading=\"lazy\" title=\"YouTube video player\" src=\"https:\/\/www.youtube.com\/embed\/hbrT3JU7Zxs\" width=\"660\" height=\"415\" frameborder=\"0\" allowfullscreen=\"allowfullscreen\"><span data-mce-type=\"bookmark\" style=\"display: inline-block; width: 0px; overflow: hidden; line-height: 0;\" class=\"mce_SELRES_start\">\ufeff<\/span><\/iframe><\/p>\n<p>[\/vc_column_text][\/vc_column][vc_column width=\u00a0\u00bb1\/6&Prime;][\/vc_column][\/vc_row][vc_row full_width=\u00a0\u00bbstretch_row_content_no_spaces\u00a0\u00bb inverse=\u00a0\u00bb\u00a0\u00bb][vc_column][vc_empty_space height=\u00a0\u00bb100px\u00a0\u00bb][\/vc_column][\/vc_row][vc_row][vc_column][vc_raw_html]JTNDc2NyaXB0JTIwdHlwZSUzRCUyMnRleHQlMkZqYXZhc2NyaXB0JTIyJTNFJTIwdmFyJTIwX2l1YiUyMCUzRCUyMF9pdWIlMjAlN0MlN0MlMjAlNUIlNUQlM0IlMjBfaXViLmNzQ29uZmlndXJhdGlvbiUyMCUzRCUyMCU3QiUyMmxhbmclMjIlM0ElMjJpdCUyMiUyQyUyMnNpdGVJZCUyMiUzQTExMzEyMjclMkMlMjJjb25zZW50T25TY3JvbGwlMjIlM0FmYWxzZSUyQyUyMnByaW9yQ29uc2VudCUyMiUzQWZhbHNlJTJDJTIyY29uc2VudE9uQnV0dG9uJTIyJTNBZmFsc2UlMkMlMjJjb29raWVQb2xpY3lJZCUyMiUzQTcxMzU1NjQwJTdEJTNCJTIwJTNDJTJGc2NyaXB0JTNFJTNDc2NyaXB0JTIwdHlwZSUzRCUyMnRleHQlMkZqYXZhc2NyaXB0JTIyJTIwc3JjJTNEJTIyJTJGJTJGY2RuLml1YmVuZGEuY29tJTJGY29va2llX3NvbHV0aW9uJTJGc2FmZW1vZGUlMkZpdWJlbmRhX2NzLmpzJTIyJTIwY2hhcnNldCUzRCUyMlVURi04JTIyJTIwYXN5bmMlM0UlM0MlMkZzY3JpcHQlM0UlMjA=[\/vc_raw_html][\/vc_column][\/vc_row]<\/p>\n","protected":false},"excerpt":{"rendered":"<p>[vc_row][vc_column][vc_empty_space height=\u00a0\u00bb50px\u00a0\u00bb][\/vc_column][\/vc_row][vc_row][vc_column width=\u00a0\u00bb1\/6&Prime;][\/vc_column][vc_column width=\u00a0\u00bb2\/3&Prime;][vc_empty_space height=\u00a0\u00bb25px\u00a0\u00bb][\/vc_column][vc_column width=\u00a0\u00bb1\/6&Prime;][\/vc_column][\/vc_row][vc_row][vc_column][vc_images_carousel images=\u00a0\u00bb3467,3470,3464&Prime; img_size=\u00a0\u00bbfull\u00a0\u00bb speed=\u00a0\u00bb4000&Prime; slides_per_view=\u00a0\u00bb3&Prime; hide_pagination_control=\u00a0\u00bbyes\u00a0\u00bb hide_prev_next_buttons=\u00a0\u00bbyes\u00a0\u00bb wrap=\u00a0\u00bbyes\u00a0\u00bb][vc_empty_space height=\u00a0\u00bb50px\u00a0\u00bb][\/vc_column][\/vc_row][vc_row equal_height=\u00a0\u00bbyes\u00a0\u00bb][vc_column width=\u00a0\u00bb1\/6&Prime;][\/vc_column][vc_column width=\u00a0\u00bb2\/3&Prime;][vc_column_text] Nous vous offrons une typologie diff\u00e9rente d\u2019intervention et collaboration 1. Production et livraison bulk de produit hair care. 2. Production de bulk et remplissage en diverses typologies de packaging fournies par le client 3. Service full-service: production d\u2019articles, [&hellip;]<\/p>\n","protected":false},"author":1,"featured_media":3032,"parent":1973,"menu_order":0,"comment_status":"closed","ping_status":"closed","template":"","meta":{"footnotes":"","_joinchat":[]},"_links":{"self":[{"href":"https:\/\/www.cosmeticservice.it\/fr\/wp-json\/wp\/v2\/pages\/3079"}],"collection":[{"href":"https:\/\/www.cosmeticservice.it\/fr\/wp-json\/wp\/v2\/pages"}],"about":[{"href":"https:\/\/www.cosmeticservice.it\/fr\/wp-json\/wp\/v2\/types\/page"}],"author":[{"embeddable":true,"href":"https:\/\/www.cosmeticservice.it\/fr\/wp-json\/wp\/v2\/users\/1"}],"replies":[{"embeddable":true,"href":"https:\/\/www.cosmeticservice.it\/fr\/wp-json\/wp\/v2\/comments?post=3079"}],"version-history":[{"count":5,"href":"https:\/\/www.cosmeticservice.it\/fr\/wp-json\/wp\/v2\/pages\/3079\/revisions"}],"predecessor-version":[{"id":3591,"href":"https:\/\/www.cosmeticservice.it\/fr\/wp-json\/wp\/v2\/pages\/3079\/revisions\/3591"}],"up":[{"embeddable":true,"href":"https:\/\/www.cosmeticservice.it\/fr\/wp-json\/wp\/v2\/pages\/1973"}],"wp:featuredmedia":[{"embeddable":true,"href":"https:\/\/www.cosmeticservice.it\/fr\/wp-json\/wp\/v2\/media\/3032"}],"wp:attachment":[{"href":"https:\/\/www.cosmeticservice.it\/fr\/wp-json\/wp\/v2\/media?parent=3079"}],"curies":[{"name":"wp","href":"https:\/\/api.w.org\/{rel}","templated":true}]}}